{"id":37,"date":"2018-11-14T18:38:05","date_gmt":"2018-11-14T17:38:05","guid":{"rendered":"http:\/\/www.sanfrancescoeur.it\/sito\/?page_id=37"},"modified":"2022-10-10T10:43:36","modified_gmt":"2022-10-10T08:43:36","slug":"contatti","status":"publish","type":"page","link":"http:\/\/www.sanfrancescoeur.it\/sito\/contatti\/","title":{"rendered":"Contatti"},"content":{"rendered":"<p><strong>Scuola Paritaria San Francesco D\u2019Assisi<\/strong><br \/>\nViale Santi Pietro e Paolo 8 \u2013 00144 Roma<br \/>\nC.F. 80211870581 \u2013 P.IVA 05391461000<br \/>\nC.M. RM1A21700D Scuola dell\u2019Infanzia<br \/>\nC.M. RM1E10400C Scuola Primaria<\/p>\n<p>TELEFONO: 06-5911677<br \/>\nFAX: 06-32091661<br \/>\nPEC: <a href=\"mailto:scuola-s.francesco@pec.it\">scuola-s.francesco@pec.it<\/a><\/p>\n<p>Direttrice Amministrativa Sr. Maria Rita Mondragon, FIC, <a href=\"mailto:direzione@sanfrancescoeur.it\">direzione@sanfrancescoeur.it<\/a><\/p>\n<p>La Segreteria \u00e8 aperta al pubblico tutti i giorni (dal luned\u00ec al gioved\u00ec):<br \/>\ndalle ore 8.00 alle ore 13.00 e dalle 14.00 alle 16.30. Il venerd\u00ec fino alle 13.00<br \/>\n<a href=\"mailto:segreteria@sanfrancescoeur.it\">segreteria@sanfrancescoeur.it<\/a><\/p>\n<p>L\u2019Amministrazione \u00e8 aperta il luned\u00ec e mercoled\u00ec 8.00 alle 10.30 <a href=\"mailto:amministrazione@sanfrancescoeur.it\">amministrazione@sanfrancescoeur.it<\/a>; T. 065913457<\/p>\n<p>L\u2019ufficio per la didattica \u00e8 aperto il marted\u00ec e il gioved\u00ec dalle 8.00 alle 12.30 e dalle 15.00 alle 16.00 <a href=\"mailto:didattica@sanfrancescoeur.it\">didattica@sanfrancescoeur.it<\/a><\/p>\n<p>Coordinate bancarie: Intesa San Paolo \u2013 Parrocchia SS Pietro e Paolo<br \/>\nIBAN: IT94K0306909606100000018284<\/p>\n","protected":false},"excerpt":{"rendered":"<p>Scuola Paritaria San Francesco D\u2019Assisi Viale Santi Pietro e Paolo 8 \u2013 00144 Roma C.F. 80211870581 \u2013 P.IVA 05391461000 C.M. &hellip; <\/p>\n","protected":false},"author":4,"featured_media":147,"parent":0,"menu_order":0,"comment_status":"closed","ping_status":"closed","template":"","meta":[],"_links":{"self":[{"href":"http:\/\/www.sanfrancescoeur.it\/sito\/wp-json\/wp\/v2\/pages\/37"}],"collection":[{"href":"http:\/\/www.sanfrancescoeur.it\/sito\/wp-json\/wp\/v2\/pages"}],"about":[{"href":"http:\/\/www.sanfrancescoeur.it\/sito\/wp-json\/wp\/v2\/types\/page"}],"author":[{"embeddable":true,"href":"http:\/\/www.sanfrancescoeur.it\/sito\/wp-json\/wp\/v2\/users\/4"}],"replies":[{"embeddable":true,"href":"http:\/\/www.sanfrancescoeur.it\/sito\/wp-json\/wp\/v2\/comments?post=37"}],"version-history":[{"count":11,"href":"http:\/\/www.sanfrancescoeur.it\/sito\/wp-json\/wp\/v2\/pages\/37\/revisions"}],"predecessor-version":[{"id":816,"href":"http:\/\/www.sanfrancescoeur.it\/sito\/wp-json\/wp\/v2\/pages\/37\/revisions\/816"}],"wp:featuredmedia":[{"embeddable":true,"href":"http:\/\/www.sanfrancescoeur.it\/sito\/wp-json\/wp\/v2\/media\/147"}],"wp:attachment":[{"href":"http:\/\/www.sanfrancescoeur.it\/sito\/wp-json\/wp\/v2\/media?parent=37"}],"curies":[{"name":"wp","href":"https:\/\/api.w.org\/{rel}","templated":true}]}}